{"id":608,"date":"2026-02-03T05:15:33","date_gmt":"2026-02-03T05:15:33","guid":{"rendered":"https:\/\/activelighthouse.com\/?post_type=product&#038;p=608"},"modified":"2026-02-16T11:58:14","modified_gmt":"2026-02-16T11:58:14","slug":"embodied-leadership-workshop","status":"publish","type":"product","link":"https:\/\/activelighthouse.com\/de\/events\/embodied-leadership-workshop\/","title":{"rendered":"Workshop \"Verk\u00f6rperte F\u00fchrung"},"content":{"rendered":"<div class=\"elementor-element elementor-element-76880b1 start elementor-widget elementor-widget-wdt-heading\" data-id=\"76880b1\" data-element_type=\"widget\" data-settings=\"{&quot;wdt_animation_effect&quot;:&quot;none&quot;}\" data-widget_type=\"wdt-heading.default\">\n<div class=\"elementor-widget-container\">\n<div id=\"wdt-heading-76880b1\" class=\"wdt-heading-holder\">\n<h4 class=\"wdt-heading-title-wrapper wdt-heading-align-center wdt-heading-deco-wrapper\"><span class=\"wdt-heading-title\">Pellentesque habitant morbi tristique senectus<\/span><\/h4>\n<div class=\"wdt-heading-content-wrapper\">Erat nam at lectus urna duis. Posuere sollicitudin aliquam ultrices sagittis orci. Id consectetur purus ut faucibus pulvinar. Enim praesent elementum facilisis leo vel fringilla est ullamcorper eget. Nunc vel risus commodo viverra maecenas accumsan lacus. Sed faucibus turpis in eu mi. In massa tempor nec feugiat. Fringilla urna porttitor rhoncus dolor purus non enim. Elementum eu facilisis sed odio. Nullam ac tortor vitae purus.Enim nulla aliquet porttitor lacus luctus accumsan tortor posuere.<\/div>\n<\/div>\n<\/div>\n<\/div>\n<section class=\"elementor-section elementor-inner-section elementor-element elementor-element-c999abe elementor-section-full_width elementor-section-height-default elementor-section-height-default\" data-id=\"c999abe\" data-element_type=\"section\" data-settings=\"{&quot;wdt_bg_image&quot;:{&quot;url&quot;:&quot;&quot;,&quot;id&quot;:&quot;&quot;,&quot;size&quot;:&quot;&quot;},&quot;wdt_bg_image_laptop&quot;:{&quot;url&quot;:&quot;&quot;,&quot;id&quot;:&quot;&quot;,&quot;size&quot;:&quot;&quot;},&quot;wdt_bg_image_tablet_extra&quot;:{&quot;url&quot;:&quot;&quot;,&quot;id&quot;:&quot;&quot;,&quot;size&quot;:&quot;&quot;},&quot;wdt_bg_image_tablet&quot;:{&quot;url&quot;:&quot;&quot;,&quot;id&quot;:&quot;&quot;,&quot;size&quot;:&quot;&quot;},&quot;wdt_bg_image_mobile_extra&quot;:{&quot;url&quot;:&quot;&quot;,&quot;id&quot;:&quot;&quot;,&quot;size&quot;:&quot;&quot;},&quot;wdt_bg_image_mobile&quot;:{&quot;url&quot;:&quot;&quot;,&quot;id&quot;:&quot;&quot;,&quot;size&quot;:&quot;&quot;},&quot;wdt_bg_position&quot;:&quot;center center&quot;,&quot;wdt_animation_effect&quot;:&quot;none&quot;}\">\n<div class=\"elementor-container elementor-column-gap-no\">\n<div class=\"elementor-column elementor-col-50 elementor-inner-column elementor-element elementor-element-3171980\" data-id=\"3171980\" data-element_type=\"column\">\n<div class=\"elementor-widget-wrap elementor-element-populated\">\n<div class=\"elementor-element elementor-element-cebe119 start elementor-widget elementor-widget-wdt-heading\" data-id=\"cebe119\" data-element_type=\"widget\" data-settings=\"{&quot;wdt_animation_effect&quot;:&quot;none&quot;}\" data-widget_type=\"wdt-heading.default\">\n<div class=\"elementor-widget-container\">\n<div id=\"wdt-heading-cebe119\" class=\"wdt-heading-holder\">\n<h5 class=\"wdt-heading-title-wrapper wdt-heading-align-center wdt-heading-deco-wrapper\"><span class=\"wdt-heading-title\">Venenatis urna cursus eget<\/span><\/h5>\n<div class=\"wdt-heading-content-wrapper\">Tempor id eu nisl nunc mi ipsum faucibus. At augue eget arcu dictum varius duis at consectetur. Nunc scelerisque viverra mauris in aliquam.<\/div>\n<\/div>\n<\/div>\n<\/div>\n<div class=\"elementor-element elementor-element-02e6b53 wdt-event-single-icon-list elementor-icon-list--layout-traditional elementor-list-item-link-full_width elementor-widget elementor-widget-icon-list\" data-id=\"02e6b53\" data-element_type=\"widget\" data-settings=\"{&quot;wdt_animation_effect&quot;:&quot;none&quot;}\" data-widget_type=\"icon-list.default\">\n<div class=\"elementor-widget-container\">\n<ul class=\"elementor-icon-list-items\">\n<li class=\"elementor-icon-list-item\"><span class=\"elementor-icon-list-text\">Tortor dignissim convallis aenean et tortor.<\/span><\/li>\n<li class=\"elementor-icon-list-item\"><span class=\"elementor-icon-list-text\">Nisl rhoncus mattis rhoncus urna neque.<\/span><\/li>\n<li class=\"elementor-icon-list-item\"><span class=\"elementor-icon-list-text\">Quam nulla porttitor massa id neque aliquam.<\/span><\/li>\n<\/ul>\n<\/div>\n<\/div>\n<\/div>\n<\/div>\n<\/div>\n<\/section>","protected":false},"excerpt":{"rendered":"<p>Ein ganzt\u00e4giger Workshop, der erforscht, wie K\u00f6rperbewusstsein die Pr\u00e4senz und Entscheidungsfindung von F\u00fchrungskr\u00e4ften ver\u00e4ndert.<\/p>","protected":false},"featured_media":626,"comment_status":"open","ping_status":"closed","template":"","meta":[],"product_brand":[],"product_cat":[31],"product_tag":[],"class_list":{"0":"post-608","1":"product","2":"type-product","3":"status-publish","4":"has-post-thumbnail","6":"product_cat-workshop","8":"first","9":"instock","10":"sale","11":"sold-individually","12":"shipping-taxable","13":"purchasable","14":"product-type-simple"},"_links":{"self":[{"href":"https:\/\/activelighthouse.com\/de\/wp-json\/wp\/v2\/product\/608","targetHints":{"allow":["GET"]}}],"collection":[{"href":"https:\/\/activelighthouse.com\/de\/wp-json\/wp\/v2\/product"}],"about":[{"href":"https:\/\/activelighthouse.com\/de\/wp-json\/wp\/v2\/types\/product"}],"replies":[{"embeddable":true,"href":"https:\/\/activelighthouse.com\/de\/wp-json\/wp\/v2\/comments?post=608"}],"wp:featuredmedia":[{"embeddable":true,"href":"https:\/\/activelighthouse.com\/de\/wp-json\/wp\/v2\/media\/626"}],"wp:attachment":[{"href":"https:\/\/activelighthouse.com\/de\/wp-json\/wp\/v2\/media?parent=608"}],"wp:term":[{"taxonomy":"product_brand","embeddable":true,"href":"https:\/\/activelighthouse.com\/de\/wp-json\/wp\/v2\/product_brand?post=608"},{"taxonomy":"product_cat","embeddable":true,"href":"https:\/\/activelighthouse.com\/de\/wp-json\/wp\/v2\/product_cat?post=608"},{"taxonomy":"product_tag","embeddable":true,"href":"https:\/\/activelighthouse.com\/de\/wp-json\/wp\/v2\/product_tag?post=608"}],"curies":[{"name":"wp","href":"https:\/\/api.w.org\/{rel}","templated":true}]}}